{"id":62,"date":"2021-11-18T10:09:12","date_gmt":"2021-11-18T10:09:12","guid":{"rendered":"https:\/\/wordpress.southern-division.de\/?page_id=62"},"modified":"2021-11-22T09:49:09","modified_gmt":"2021-11-22T09:49:09","slug":"startseite","status":"publish","type":"page","link":"https:\/\/wordpress.southern-division.de\/?page_id=62","title":{"rendered":"Startseite"},"content":{"rendered":"\t\t<div data-elementor-type=\"wp-page\" data-elementor-id=\"62\" class=\"elementor elementor-62\">\n\t\t\t\t\t\t<section class=\"elementor-section elementor-top-section elementor-element elementor-element-4dc65a1 elementor-section-boxed elementor-section-height-default elementor-section-height-default\" data-id=\"4dc65a1\" data-element_type=\"section\" data-e-type=\"section\">\n\t\t\t\t\t\t<div class=\"elementor-container elementor-column-gap-default\">\n\t\t\t\t\t<div class=\"elementor-column elementor-col-100 elementor-top-column elementor-element elementor-element-2b75e7b\" data-id=\"2b75e7b\" data-element_type=\"column\" data-e-type=\"column\">\n\t\t\t<div class=\"elementor-widget-wrap elementor-element-populated\">\n\t\t\t\t\t\t<div class=\"elementor-element elementor-element-f98bdd6 elementor-widget elementor-widget-heading\" data-id=\"f98bdd6\" data-element_type=\"widget\" data-e-type=\"widget\" data-widget_type=\"heading.default\">\n\t\t\t\t<div class=\"elementor-widget-container\">\n\t\t\t\t\t<h2 class=\"elementor-heading-title elementor-size-default\">Southern Division Ersatzteile f\u00fcr Englische Motorr\u00e4der<br>Unser Unternehmen handelt seit ca. 40 Jahren mit Ersatzteilen f\u00fcr Englische Motorr\u00e4der.<br>Wir verschicken Weltweit und arbeiten an einer Technischen Hilfeleistung die f\u00fcr jeden verst\u00e4ndlich ist.<br><\/h2>\t\t\t\t<\/div>\n\t\t\t\t<\/div>\n\t\t\t\t\t<\/div>\n\t\t<\/div>\n\t\t\t\t\t<\/div>\n\t\t<\/section>\n\t\t\t\t<\/div>\n\t\t","protected":false},"excerpt":{"rendered":"<p>Southern Division Ersatzteile f\u00fcr Englische Motorr\u00e4derUnser Unternehmen handelt seit ca. 40 Jahren mit Ersatzteilen f\u00fcr Englische Motorr\u00e4der.Wir verschicken Weltweit und arbeiten an einer Technischen Hilfeleistung die f\u00fcr jeden verst\u00e4ndlich ist.<\/p>\n","protected":false},"author":1,"featured_media":0,"parent":0,"menu_order":0,"comment_status":"closed","ping_status":"closed","template":"","meta":{"footnotes":""},"class_list":["post-62","page","type-page","status-publish","hentry","entry"],"_links":{"self":[{"href":"https:\/\/wordpress.southern-division.de\/index.php?rest_route=\/wp\/v2\/pages\/62","targetHints":{"allow":["GET"]}}],"collection":[{"href":"https:\/\/wordpress.southern-division.de\/index.php?rest_route=\/wp\/v2\/pages"}],"about":[{"href":"https:\/\/wordpress.southern-division.de\/index.php?rest_route=\/wp\/v2\/types\/page"}],"author":[{"embeddable":true,"href":"https:\/\/wordpress.southern-division.de\/index.php?rest_route=\/wp\/v2\/users\/1"}],"replies":[{"embeddable":true,"href":"https:\/\/wordpress.southern-division.de\/index.php?rest_route=%2Fwp%2Fv2%2Fcomments&post=62"}],"version-history":[{"count":10,"href":"https:\/\/wordpress.southern-division.de\/index.php?rest_route=\/wp\/v2\/pages\/62\/revisions"}],"predecessor-version":[{"id":107,"href":"https:\/\/wordpress.southern-division.de\/index.php?rest_route=\/wp\/v2\/pages\/62\/revisions\/107"}],"wp:attachment":[{"href":"https:\/\/wordpress.southern-division.de\/index.php?rest_route=%2Fwp%2Fv2%2Fmedia&parent=62"}],"curies":[{"name":"wp","href":"https:\/\/api.w.org\/{rel}","templated":true}]}}